{"id":102,"date":"2024-04-18T00:18:59","date_gmt":"2024-04-18T03:18:59","guid":{"rendered":"https:\/\/casyp.com.ar\/?page_id=102"},"modified":"2024-05-08T20:26:47","modified_gmt":"2024-05-08T23:26:47","slug":"como-trabajamos","status":"publish","type":"page","link":"https:\/\/casyp.com.ar\/index.php\/como-trabajamos\/","title":{"rendered":"C\u00f3mo trabajamos"},"content":{"rendered":"<p>[et_pb_section fb_built=&#8221;1&#8243; _builder_version=&#8221;4.21.0&#8243; _module_preset=&#8221;default&#8221; global_colors_info=&#8221;{}&#8221;][et_pb_row column_structure=&#8221;1_2,1_2&#8243; _builder_version=&#8221;4.21.0&#8243; _module_preset=&#8221;default&#8221; global_colors_info=&#8221;{}&#8221;][et_pb_column type=&#8221;1_2&#8243; _builder_version=&#8221;4.21.0&#8243; _module_preset=&#8221;default&#8221; global_colors_info=&#8221;{}&#8221;][et_pb_text _builder_version=&#8221;4.21.0&#8243; _module_preset=&#8221;default&#8221; text_font=&#8221;Playfair Display||||||||&#8221; text_font_size=&#8221;70px&#8221; text_font_size_tablet=&#8221;70px&#8221; text_font_size_phone=&#8221;55px&#8221; text_font_size_last_edited=&#8221;on|phone&#8221; text_line_height_tablet=&#8221;&#8221; text_line_height_phone=&#8221;0.4em&#8221; text_line_height_last_edited=&#8221;on|phone&#8221; global_colors_info=&#8221;{}&#8221;]<\/p>\n<p>\u00bfC\u00f3mo<\/p>\n<p>trabajamos?<\/p>\n<p>[\/et_pb_text][et_pb_text _builder_version=&#8221;4.21.0&#8243; _module_preset=&#8221;default&#8221; custom_margin=&#8221;75px||||false|false&#8221; global_colors_info=&#8221;{}&#8221;]<\/p>\n<p><strong>Somos psic\u00f3logas argentinas con una profunda pasi\u00f3n por ayudar a las personas a explorar y mejorar su vida sexual y sus relaciones de pareja.<\/strong> En nuestra pr\u00e1ctica, combinamos nuestra experiencia en psicolog\u00eda cl\u00ednica con un enfoque comprensivo y sin prejuicios. Ofrecemos un espacio terap\u00e9utico seguro y de confianza donde nuestros pacientes manifiestan lo que les pasa, explorando sus motivos m\u00e1s ocultos.<\/p>\n<p>Entendemos que las dificultades sexuales y los problemas de pareja pueden afectar profundamente la calidad de vida y el bienestar emocional de las personas, independientemente de su ubicaci\u00f3n geogr\u00e1fica. Por eso, estamos comprometidas a ofrecer nuestros servicios a pacientes de todo el mundo, brindando terapia en l\u00ednea que sea accesible y conveniente para quienes buscan ayuda profesional.<\/p>\n<p>[\/et_pb_text][et_pb_button button_url=&#8221;#contacto&#8221; button_text=&#8221;Contactanos hoy mismo&#8221; _builder_version=&#8221;4.21.0&#8243; _module_preset=&#8221;default&#8221; custom_button=&#8221;on&#8221; button_text_color=&#8221;#FFFFFF&#8221; button_use_icon=&#8221;off&#8221; custom_padding=&#8221;10px|30px|10px|30px|true|true&#8221; custom_css_main_element=&#8221;background: #FF8402;||border: none;||color: white;||border-radius: 30px;||display: flex !important;||width: fit-content;||margin: auto;&#8221; locked=&#8221;off&#8221; global_colors_info=&#8221;{}&#8221; custom_css_main_element__hover_enabled=&#8221;on|desktop&#8221; custom_css_main_element__hover=&#8221;color: black;&#8221; button_bg_color__hover_enabled=&#8221;on|desktop&#8221; button_bg_color__hover=&#8221;#000000&#8243; button_bg_enable_color__hover=&#8221;on&#8221; button_text_color__hover_enabled=&#8221;on|desktop&#8221; button_text_color__hover=&#8221;#FFFFFF&#8221;][\/et_pb_button][\/et_pb_column][et_pb_column type=&#8221;1_2&#8243; _builder_version=&#8221;4.21.0&#8243; _module_preset=&#8221;default&#8221; global_colors_info=&#8221;{}&#8221;][et_pb_image src=&#8221;https:\/\/casyp.com.ar\/wp-content\/uploads\/2024\/04\/como_trabajamos_modulo_01.svg&#8221; title_text=&#8221;como_trabajamos_modulo_01&#8243; _builder_version=&#8221;4.21.0&#8243; _module_preset=&#8221;default&#8221; global_colors_info=&#8221;{}&#8221;][\/et_pb_image][\/et_pb_column][\/et_pb_row][et_pb_row column_structure=&#8221;1_2,1_2&#8243; _builder_version=&#8221;4.21.0&#8243; _module_preset=&#8221;default&#8221; global_colors_info=&#8221;{}&#8221;][et_pb_column type=&#8221;1_2&#8243; _builder_version=&#8221;4.21.0&#8243; _module_preset=&#8221;default&#8221; global_colors_info=&#8221;{}&#8221;][et_pb_image src=&#8221;https:\/\/casyp.com.ar\/wp-content\/uploads\/2024\/04\/porque_casyp_modulo_04.svg&#8221; title_text=&#8221;porque_casyp_modulo_04&#8243; _builder_version=&#8221;4.21.0&#8243; _module_preset=&#8221;default&#8221; global_colors_info=&#8221;{}&#8221;][\/et_pb_image][\/et_pb_column][et_pb_column type=&#8221;1_2&#8243; _builder_version=&#8221;4.21.0&#8243; _module_preset=&#8221;default&#8221; global_colors_info=&#8221;{}&#8221;][et_pb_text _builder_version=&#8221;4.21.0&#8243; _module_preset=&#8221;default&#8221; global_colors_info=&#8221;{}&#8221;]<\/p>\n<p><span>Como psic\u00f3logas especializadas en sexualidad, reconocemos la importancia de abordar estos temas con sensibilidad y comprensi\u00f3n. Nuestro enfoque terap\u00e9utico se centra en crear un espacio de confianza donde nuestros pacientes se sientan seguros para explorar sus deseos, preocupaciones y dificultades relacionadas con la sexualidad y la intimidad.<\/span><\/p>\n<p><span>Adem\u00e1s, como terapeutas de pareja, estamos comprometidas a ayudar a las parejas a fortalecer su conexi\u00f3n emocional, mejorar la comunicaci\u00f3n y resolver conflictos de manera constructiva. Entendemos que cada relaci\u00f3n es \u00fanica, por lo que personalizamos nuestro enfoque terap\u00e9utico para satisfacer las necesidades espec\u00edficas de cada pareja, trabajando juntos para superar los desaf\u00edos y construir una relaci\u00f3n m\u00e1s s\u00f3lida y satisfactoria.<\/span><span><\/span><span><\/span><\/p>\n<p>[\/et_pb_text][et_pb_text _builder_version=&#8221;4.21.0&#8243; _module_preset=&#8221;default&#8221; text_text_color=&#8221;#FFFFFF&#8221; background_color=&#8221;#000000&#8243; custom_padding=&#8221;10px|10px|10px|10px|true|true&#8221; border_radii=&#8221;on|20px|20px|20px|20px&#8221; global_colors_info=&#8221;{}&#8221;]<\/p>\n<div class=\"x1tlxs6b x1g8br2z x1gn5b1j x230xth x14ctfv x1okitfd x6ikm8r x10wlt62 x1mzt3pk x1y1aw1k xn6708d xwib8y2 x1ye3gou x1n2onr6 x13faqbe x1vjfegm\" role=\"none\">\n<div dir=\"auto\" class=\"html-div xe8uvvx xexx8yu x4uap5 x18d9i69 xkhd6sd x1gslohp x11i5rnm x12nagc x1mh8g0r x1yc453h x126k92a x18lvrbx\">Ya sea que est\u00e9s lidiando con problemas sexuales individuales, dificultades de pareja o simplemente busques mejorar tu vida sexual y tu relaci\u00f3n de pareja, estamos aqu\u00ed para ayudarte. A trav\u00e9s de la terapia en linea, podemos ofrecerte el apoyo y la orientaci\u00f3n que necesitas, sin importar d\u00f3nde te encuentres en el mundo.<\/div>\n<\/div>\n<div role=\"presentation\" class=\"html-div xe8uvvx xdj266r x11i5rnm xat24cr x1mh8g0r xexx8yu x4uap5 x18d9i69 xkhd6sd x1h91t0o xkh2ocl x78zum5 xdt5ytf x13a6bvl x193iq5w x1iyjqo2 x1eb86dx\"><\/div>\n<p>[\/et_pb_text][et_pb_text _builder_version=&#8221;4.21.0&#8243; _module_preset=&#8221;default&#8221; global_colors_info=&#8221;{}&#8221;]<\/p>\n<div class=\"x1tlxs6b x1g8br2z x1gn5b1j x230xth x14ctfv x1okitfd x6ikm8r x10wlt62 x1mzt3pk x1y1aw1k xn6708d xwib8y2 x1ye3gou x1n2onr6 x13faqbe x1vjfegm\" role=\"none\">\n<div dir=\"auto\" class=\"html-div xe8uvvx xexx8yu x4uap5 x18d9i69 xkhd6sd x1gslohp x11i5rnm x12nagc x1mh8g0r x1yc453h x126k92a x18lvrbx\"><span> No espere m\u00e1s para dar el primer paso. Nuestro\/as profesionales destacan por su empat\u00eda, contenci\u00f3n, confidencialidad, y formaci\u00f3n acad\u00e9mica. Nuestro objetivo es ayudarte a identificar tus patrones de conducta para poder modificarlos y lograr una forma menos padeciente de vincularte. Est\u00e9s sola\/o o en pareja. \u00a1Cont\u00e1ctanos hoy mismo! Siempre es un buen momento para empezar.<\/span><\/div>\n<\/div>\n<p>[\/et_pb_text][et_pb_button button_url=&#8221;#contacto&#8221; button_text=&#8221;Contactanos hoy mismo&#8221; _builder_version=&#8221;4.21.0&#8243; _module_preset=&#8221;default&#8221; custom_button=&#8221;on&#8221; button_text_color=&#8221;#FFFFFF&#8221; button_use_icon=&#8221;off&#8221; custom_padding=&#8221;10px|30px|10px|30px|true|true&#8221; custom_css_main_element=&#8221;background: #FF8402;||border: none;||color: white;||border-radius: 30px;||display: flex !important;||width: fit-content;||margin: auto;&#8221; locked=&#8221;off&#8221; global_colors_info=&#8221;{}&#8221; custom_css_main_element__hover_enabled=&#8221;on|desktop&#8221; custom_css_main_element__hover=&#8221;color: black;&#8221; button_bg_color__hover_enabled=&#8221;on|desktop&#8221; button_bg_color__hover=&#8221;#000000&#8243; button_bg_enable_color__hover=&#8221;on&#8221; button_text_color__hover_enabled=&#8221;on|desktop&#8221; button_text_color__hover=&#8221;#FFFFFF&#8221;][\/et_pb_button][\/et_pb_column][\/et_pb_row][\/et_pb_section][et_pb_section fb_built=&#8221;1&#8243; _builder_version=&#8221;4.21.0&#8243; _module_preset=&#8221;default&#8221; global_colors_info=&#8221;{}&#8221;][et_pb_row _builder_version=&#8221;4.21.0&#8243; _module_preset=&#8221;default&#8221; background_color=&#8221;#f2f2f2&#8243; custom_margin=&#8221;50px||||false|false&#8221; custom_padding=&#8221;50px||50px||true|true&#8221; border_radii=&#8221;on|50px|50px|50px|50px&#8221; global_colors_info=&#8221;{}&#8221;][et_pb_column type=&#8221;4_4&#8243; _builder_version=&#8221;4.21.0&#8243; _module_preset=&#8221;default&#8221; global_colors_info=&#8221;{}&#8221;][et_pb_text _builder_version=&#8221;4.21.0&#8243; _module_preset=&#8221;default&#8221; text_font=&#8221;Playfair Display||||||||&#8221; text_font_size=&#8221;49px&#8221; header_font=&#8221;Playfair Display||||||||&#8221; header_font_size=&#8221;79px&#8221; hover_enabled=&#8221;0&#8243; header_font_size_tablet=&#8221;79px&#8221; header_font_size_phone=&#8221;55px&#8221; header_font_size_last_edited=&#8221;on|phone&#8221; global_colors_info=&#8221;{}&#8221; sticky_enabled=&#8221;0&#8243;]<\/p>\n<h1 style=\"text-align: center;\">Hacemos<br \/><span style=\"color: #ff8402;\">terapia online<\/span><\/h1>\n<p>[\/et_pb_text][et_pb_text _builder_version=&#8221;4.21.0&#8243; _module_preset=&#8221;default&#8221; text_font_size=&#8221;19px&#8221; text_letter_spacing=&#8221;1px&#8221; text_line_height=&#8221;1.8em&#8221; global_colors_info=&#8221;{}&#8221;]<\/p>\n<p style=\"text-align: center;\">Pod\u00e9s consultarnos desde cualquier lugar del mundo.<br \/>Solo ten\u00e9s que pedir un turno.<\/p>\n<p>[\/et_pb_text][et_pb_button button_url=&#8221;#contacto&#8221; button_text=&#8221;Reserva tu cita hoy&#8221; _builder_version=&#8221;4.21.0&#8243; _module_preset=&#8221;default&#8221; custom_button=&#8221;on&#8221; button_text_color=&#8221;#FFFFFF&#8221; button_use_icon=&#8221;off&#8221; custom_padding=&#8221;10px|30px|10px|30px|true|true&#8221; custom_css_main_element=&#8221;background: #FF8402;||border: none;||color: white;||border-radius: 30px;||display: flex !important;||width: fit-content;||margin: auto;&#8221; locked=&#8221;off&#8221; global_colors_info=&#8221;{}&#8221; custom_css_main_element__hover_enabled=&#8221;on|desktop&#8221; custom_css_main_element__hover=&#8221;color: black;&#8221; button_bg_color__hover_enabled=&#8221;on|desktop&#8221; button_bg_color__hover=&#8221;#000000&#8243; button_bg_enable_color__hover=&#8221;on&#8221; button_text_color__hover_enabled=&#8221;on|hover&#8221; button_text_color__hover=&#8221;#FFFFFF&#8221;][\/et_pb_button][\/et_pb_column][\/et_pb_row][\/et_pb_section][et_pb_section fb_built=&#8221;1&#8243; _builder_version=&#8221;4.21.0&#8243; _module_preset=&#8221;default&#8221; custom_padding=&#8221;65px|||||&#8221; locked=&#8221;off&#8221; global_colors_info=&#8221;{}&#8221;][et_pb_row _builder_version=&#8221;4.21.0&#8243; _module_preset=&#8221;default&#8221; global_colors_info=&#8221;{}&#8221;][et_pb_column type=&#8221;4_4&#8243; _builder_version=&#8221;4.21.0&#8243; _module_preset=&#8221;default&#8221; global_colors_info=&#8221;{}&#8221;][et_pb_text _builder_version=&#8221;4.21.0&#8243; _module_preset=&#8221;default&#8221; text_font=&#8221;Playfair Display||||||||&#8221; text_font_size=&#8221;50px&#8221; text_line_height=&#8221;1.3em&#8221; global_colors_info=&#8221;{}&#8221;]<\/p>\n<p style=\"text-align: center;\"><span style=\"font-family: 'Poppins';\">Creemos en<\/span> <span style=\"font-size: 70px;\">Casyp<\/span> <span style=\"font-family: 'Poppins';\">porque sabemos que la palabra y el <strong>v\u00ednculo terap\u00e9utico<\/strong> son los caminos para la cura.<\/span><\/p>\n<p>[\/et_pb_text][et_pb_text _builder_version=&#8221;4.21.0&#8243; _module_preset=&#8221;default&#8221; global_colors_info=&#8221;{}&#8221;]<\/p>\n<p style=\"text-align: center;\">Con nuestro equipo de profesionales lograr\u00e1s equilibrio, bienestar, contenci\u00f3n y vas a identificar tus debilidades para que dejen de ser dificultades que repetir\u00e1s a lo largo de la vida.<\/p>\n<p>[\/et_pb_text][et_pb_button button_url=&#8221;#contacto&#8221; button_text=&#8221;Asegura tu cita hoy&#8221; _builder_version=&#8221;4.21.0&#8243; _module_preset=&#8221;default&#8221; custom_button=&#8221;on&#8221; button_text_color=&#8221;#FFFFFF&#8221; button_use_icon=&#8221;off&#8221; custom_padding=&#8221;10px|30px|10px|30px|true|true&#8221; custom_css_main_element=&#8221;background: #FF8402;||border: none;||color: white;||border-radius: 30px;||display: flex !important;||width: fit-content;||margin: auto;&#8221; locked=&#8221;off&#8221; global_colors_info=&#8221;{}&#8221; custom_css_main_element__hover_enabled=&#8221;on|desktop&#8221; custom_css_main_element__hover=&#8221;color: black;&#8221; button_bg_color__hover_enabled=&#8221;on|desktop&#8221; button_bg_color__hover=&#8221;#000000&#8243; button_bg_enable_color__hover=&#8221;on&#8221; button_text_color__hover_enabled=&#8221;on|desktop&#8221; button_text_color__hover=&#8221;#FFFFFF&#8221;][\/et_pb_button][\/et_pb_column][\/et_pb_row][\/et_pb_section]<\/p>\n","protected":false},"excerpt":{"rendered":"<p>\u00bfC\u00f3mo trabajamos?Somos psic\u00f3logas argentinas con una profunda pasi\u00f3n por ayudar a las personas a explorar y mejorar su vida sexual y sus relaciones de pareja. En nuestra pr\u00e1ctica, combinamos nuestra experiencia en psicolog\u00eda cl\u00ednica con un enfoque comprensivo y sin prejuicios. Ofrecemos un espacio terap\u00e9utico seguro y de confianza donde nuestros pacientes manifiestan lo que [&hellip;]<\/p>\n","protected":false},"author":1,"featured_media":0,"parent":0,"menu_order":0,"comment_status":"closed","ping_status":"closed","template":"","meta":{"_et_pb_use_builder":"on","_et_pb_old_content":"","_et_gb_content_width":"","footnotes":""},"_links":{"self":[{"href":"https:\/\/casyp.com.ar\/index.php\/wp-json\/wp\/v2\/pages\/102"}],"collection":[{"href":"https:\/\/casyp.com.ar\/index.php\/wp-json\/wp\/v2\/pages"}],"about":[{"href":"https:\/\/casyp.com.ar\/index.php\/wp-json\/wp\/v2\/types\/page"}],"author":[{"embeddable":true,"href":"https:\/\/casyp.com.ar\/index.php\/wp-json\/wp\/v2\/users\/1"}],"replies":[{"embeddable":true,"href":"https:\/\/casyp.com.ar\/index.php\/wp-json\/wp\/v2\/comments?post=102"}],"version-history":[{"count":17,"href":"https:\/\/casyp.com.ar\/index.php\/wp-json\/wp\/v2\/pages\/102\/revisions"}],"predecessor-version":[{"id":459,"href":"https:\/\/casyp.com.ar\/index.php\/wp-json\/wp\/v2\/pages\/102\/revisions\/459"}],"wp:attachment":[{"href":"https:\/\/casyp.com.ar\/index.php\/wp-json\/wp\/v2\/media?parent=102"}],"curies":[{"name":"wp","href":"https:\/\/api.w.org\/{rel}","templated":true}]}}