{"id":111,"date":"2024-04-18T00:20:42","date_gmt":"2024-04-18T03:20:42","guid":{"rendered":"https:\/\/casyp.com.ar\/?page_id=111"},"modified":"2024-05-08T20:26:39","modified_gmt":"2024-05-08T23:26:39","slug":"por-que-casyp","status":"publish","type":"page","link":"https:\/\/casyp.com.ar\/index.php\/por-que-casyp\/","title":{"rendered":"Por qu\u00e9 Casyp"},"content":{"rendered":"<p>[et_pb_section fb_built=&#8221;1&#8243; _builder_version=&#8221;4.21.0&#8243; _module_preset=&#8221;default&#8221; global_colors_info=&#8221;{}&#8221;][et_pb_row column_structure=&#8221;1_2,1_2&#8243; _builder_version=&#8221;4.21.0&#8243; _module_preset=&#8221;default&#8221; global_colors_info=&#8221;{}&#8221;][et_pb_column type=&#8221;1_2&#8243; _builder_version=&#8221;4.21.0&#8243; _module_preset=&#8221;default&#8221; global_colors_info=&#8221;{}&#8221;][et_pb_text _builder_version=&#8221;4.21.0&#8243; _module_preset=&#8221;default&#8221; text_font=&#8221;Playfair Display||||||||&#8221; text_font_size=&#8221;75px&#8221; global_colors_info=&#8221;{}&#8221;]<\/p>\n<p>\u00bfPor qu\u00e9<\/p>\n<p>CASYP?<\/p>\n<p>[\/et_pb_text][et_pb_text _builder_version=&#8221;4.21.0&#8243; _module_preset=&#8221;default&#8221; custom_margin=&#8221;70px||||false|false&#8221; global_colors_info=&#8221;{}&#8221;]<\/p>\n<p><span>La terapla virtual est\u00e1 dirigida a toda persona que quiera tener un espacio de reflexi\u00f3n, seguro y de contenci\u00f3n, para repensar sus v\u00ednculos y su sexualidad.<\/span><\/p>\n<p><span> Tambi\u00e9n, la terapia se puede hacer en pareja.<\/span><\/p>\n<p><span>La realidad es que son muy pocas las veces que estamos realmente solos, la mayor\u00eda de la vida estamos vincul\u00e1ndonos, y nadie nos ense\u00f1\u00f3 a c\u00f3mo hacerlo de la mejor manera para cada uno, sin sufrir, sin padecerlo. <\/span><\/p>\n<p><span>Nuestro equipo de profesionales va a poder acompa\u00f1arte y ayudarte a Identificar las dificultades que seguramente est\u00e1s sintiendo que repet\u00eds una y otra vez, y a conocerte con mayor profundidad. <\/span><\/p>\n<p><span>Siempre es un buen momento para empezar a ocuparse de uno mismo.<\/span><\/p>\n<p><span>Nunca es tarde.<\/span><\/p>\n<p>[\/et_pb_text][\/et_pb_column][et_pb_column type=&#8221;1_2&#8243; _builder_version=&#8221;4.21.0&#8243; _module_preset=&#8221;default&#8221; global_colors_info=&#8221;{}&#8221;][et_pb_image src=&#8221;https:\/\/casyp.com.ar\/wp-content\/uploads\/2024\/04\/porque_casyp_modulo_01.svg&#8221; title_text=&#8221;porque_casyp_modulo_01&#8243; _builder_version=&#8221;4.21.0&#8243; _module_preset=&#8221;default&#8221; global_colors_info=&#8221;{}&#8221;][\/et_pb_image][\/et_pb_column][\/et_pb_row][et_pb_row column_structure=&#8221;1_2,1_2&#8243; _builder_version=&#8221;4.21.0&#8243; _module_preset=&#8221;default&#8221; custom_margin=&#8221;2px|auto||auto||&#8221; global_colors_info=&#8221;{}&#8221;][et_pb_column type=&#8221;1_2&#8243; _builder_version=&#8221;4.21.0&#8243; _module_preset=&#8221;default&#8221; global_colors_info=&#8221;{}&#8221;][et_pb_image src=&#8221;https:\/\/casyp.com.ar\/wp-content\/uploads\/2024\/04\/img_modulo_04.svg&#8221; title_text=&#8221;img_modulo_04&#8243; _builder_version=&#8221;4.21.0&#8243; _module_preset=&#8221;default&#8221; global_colors_info=&#8221;{}&#8221;][\/et_pb_image][\/et_pb_column][et_pb_column type=&#8221;1_2&#8243; _builder_version=&#8221;4.21.0&#8243; _module_preset=&#8221;default&#8221; global_colors_info=&#8221;{}&#8221;][et_pb_text _builder_version=&#8221;4.21.0&#8243; _module_preset=&#8221;default&#8221; text_font=&#8221;Playfair Display||||||||&#8221; text_font_size=&#8221;50px&#8221; text_line_height=&#8221;1.1em&#8221; global_colors_info=&#8221;{}&#8221;]<\/p>\n<p>El inconsciente se proyecta en las sesiones<\/p>\n<p>[\/et_pb_text][et_pb_text _builder_version=&#8221;4.21.0&#8243; _module_preset=&#8221;default&#8221; custom_margin=&#8221;70px||||false|false&#8221; global_colors_info=&#8221;{}&#8221;]<\/p>\n<p><span>Cuando hablamos de conocernos en profundidad, nos referimos a descifrar m\u00e1s sobre nuestro inconsciente, esos aspectos que desconocemos dentro del orden del pensamiento y de la conciencia y que tambi\u00e9n lo vemos reflejado en nuestra conducta. <\/span><\/p>\n<p><span>\u00bfLes pas\u00f3 alguna vez, que no saben porqu\u00e9 reaccionaron de determinada manera o porqu\u00e9 siempre repiten los mismos patrones?. Eso pertenece al orden del inconsciente y tenemos noticias sobre \u00e9l (entre otros caminos) a trav\u00e9s de los sue\u00f1os, los actos fallidos, y en la forma en que nos comunicamos.<\/span><\/p>\n<p><span>Las palabras que usamos, los verbos que elegimos para expresarnos, no son elegidos al azar. Todo es producto de \u00e9l: de nuestro inconsciente.<\/span><\/p>\n<p>[\/et_pb_text][\/et_pb_column][\/et_pb_row][et_pb_row _builder_version=&#8221;4.21.0&#8243; _module_preset=&#8221;default&#8221; global_colors_info=&#8221;{}&#8221;][et_pb_column type=&#8221;4_4&#8243; _builder_version=&#8221;4.21.0&#8243; _module_preset=&#8221;default&#8221; global_colors_info=&#8221;{}&#8221;][et_pb_text _builder_version=&#8221;4.21.0&#8243; _module_preset=&#8221;default&#8221; text_font=&#8221;Playfair Display||||||||&#8221; text_font_size=&#8221;60px&#8221; header_font=&#8221;Playfair Display||||||||&#8221; header_font_size=&#8221;56px&#8221; header_line_height=&#8221;1.2em&#8221; custom_margin=&#8221;35px||||false|false&#8221; text_line_height_tablet=&#8221;&#8221; text_line_height_phone=&#8221;1em&#8221; text_line_height_last_edited=&#8221;on|phone&#8221; header_font_size_tablet=&#8221;56px&#8221; header_font_size_phone=&#8221;45px&#8221; header_font_size_last_edited=&#8221;on|phone&#8221; global_colors_info=&#8221;{}&#8221;]<\/p>\n<h1 style=\"text-align: center;\">Nuestra gran aliada en todo<br \/>este proceso terap\u00e9utico<br \/>es la palabra.<\/h1>\n<p>[\/et_pb_text][et_pb_text _builder_version=&#8221;4.21.0&#8243; _module_preset=&#8221;default&#8221; width=&#8221;60%&#8221; module_alignment=&#8221;center&#8221; global_colors_info=&#8221;{}&#8221;]<\/p>\n<p style=\"text-align: center;\"><span>Las palabras tambi\u00e9n tienen la funci\u00f3n de hacer conscientes los pensamientos inconscientes. S\u00f3crates dec\u00eda que no pod\u00eda ense\u00f1arle nada a nadie, pero que solo pod\u00eda hacerles pensar. <strong>Nosotras pensamos como S\u00f3crates<\/strong>: Pensar como capacidad de entendimiento, hacerse preguntas acerca de lo que hacemos, resignificar las m\u00e1ximas construidas. Empezar a develar el inconsciente es el camino para entendernos con mayor profundidad. Poner en palabras y registrar lo que hacemos para darle otro significado. Creemos en Casyp porque sabemos que la palabra y el v\u00ednculo terap\u00e9utico son los caminos para la cura. El v\u00ednculo que uno hace con su psic\u00f3logo es fundamental para reorganizar los psiquismos. Por eso nuestros profesionales son \u00fanicos, especializados y capacitados para acompa\u00f1arte en tu descubrimiento y bienestar.<\/span><\/p>\n<p>[\/et_pb_text][\/et_pb_column][\/et_pb_row][et_pb_row _builder_version=&#8221;4.21.0&#8243; _module_preset=&#8221;default&#8221; background_color=&#8221;#ff8402&#8243; custom_margin=&#8221;100px||||false|false&#8221; border_radii=&#8221;on|65px|65px|65px|65px&#8221; global_colors_info=&#8221;{}&#8221;][et_pb_column type=&#8221;4_4&#8243; _builder_version=&#8221;4.21.0&#8243; _module_preset=&#8221;default&#8221; global_colors_info=&#8221;{}&#8221;][et_pb_text _builder_version=&#8221;4.21.0&#8243; _module_preset=&#8221;default&#8221; text_font=&#8221;Playfair Display||||||||&#8221; text_font_size=&#8221;60px&#8221; header_font=&#8221;Playfair Display||||||||&#8221; header_text_color=&#8221;#FFFFFF&#8221; header_font_size=&#8221;73px&#8221; custom_margin=&#8221;50px||||false|false&#8221; text_line_height_tablet=&#8221;&#8221; text_line_height_phone=&#8221;1em&#8221; text_line_height_last_edited=&#8221;on|phone&#8221; header_font_size_tablet=&#8221;73px&#8221; header_font_size_phone=&#8221;45px&#8221; header_font_size_last_edited=&#8221;on|desktop&#8221; global_colors_info=&#8221;{}&#8221;]<\/p>\n<h1 style=\"text-align: center;\">Motivos de consulta m\u00e1s frecuentes:<\/h1>\n<p>[\/et_pb_text][et_pb_text _builder_version=&#8221;4.21.0&#8243; _module_preset=&#8221;default&#8221; text_text_color=&#8221;#FFFFFF&#8221; width=&#8221;60%&#8221; module_alignment=&#8221;center&#8221; custom_margin=&#8221;||40px||false|false&#8221; locked=&#8221;off&#8221; global_colors_info=&#8221;{}&#8221;]<\/p>\n<p style=\"text-align: center;\">No solo se consulta a una sex\u00f3loga por una disfunci\u00f3n sexual, tambi\u00e9n se pide una cita para obtener informaci\u00f3n, realizar una consulta, esclarecer dudas.<\/p>\n<p style=\"text-align: center;\">Si solo ten\u00e9s alguna duda acerca de tu sexualidad, ese es un motivo suficiente para pedir una cita. Hablar con un profesional especialista sobre lo que te pasa, siempre es la mejor opci\u00f3n.<\/p>\n<p>[\/et_pb_text][\/et_pb_column][\/et_pb_row][\/et_pb_section][et_pb_section fb_built=&#8221;1&#8243; specialty=&#8221;on&#8221; _builder_version=&#8221;4.21.0&#8243; _module_preset=&#8221;default&#8221; global_colors_info=&#8221;{}&#8221;][et_pb_column type=&#8221;1_2&#8243; _builder_version=&#8221;4.16&#8243; custom_padding=&#8221;|||&#8221; global_colors_info=&#8221;{}&#8221; custom_padding__hover=&#8221;|||&#8221;][et_pb_image src=&#8221;https:\/\/casyp.com.ar\/wp-content\/uploads\/2024\/04\/porque_casyp_modulo_04.svg&#8221; title_text=&#8221;porque_casyp_modulo_04&#8243; _builder_version=&#8221;4.21.0&#8243; _module_preset=&#8221;default&#8221; global_colors_info=&#8221;{}&#8221;][\/et_pb_image][\/et_pb_column][et_pb_column type=&#8221;1_2&#8243; specialty_columns=&#8221;2&#8243; _builder_version=&#8221;4.16&#8243; custom_padding=&#8221;|||&#8221; global_colors_info=&#8221;{}&#8221; custom_padding__hover=&#8221;|||&#8221;][et_pb_row_inner _builder_version=&#8221;4.21.0&#8243; _module_preset=&#8221;default&#8221; global_colors_info=&#8221;{}&#8221;][et_pb_column_inner saved_specialty_column_type=&#8221;1_2&#8243; _builder_version=&#8221;4.21.0&#8243; _module_preset=&#8221;default&#8221; global_colors_info=&#8221;{}&#8221;][et_pb_text _builder_version=&#8221;4.21.0&#8243; _module_preset=&#8221;default&#8221; text_font=&#8221;Playfair Display||||||||&#8221; text_font_size=&#8221;40px&#8221; global_colors_info=&#8221;{}&#8221;]<\/p>\n<p>Sexualidad<\/p>\n<p>[\/et_pb_text][et_pb_text _builder_version=&#8221;4.21.0&#8243; _module_preset=&#8221;default&#8221; text_font=&#8221;||||||||&#8221; global_colors_info=&#8221;{}&#8221;]<\/p>\n<ul>\n<li>Eyaculaci\u00f3n precoz<\/li>\n<li>Anorgasmia (falta de orgasmo femenino)<\/li>\n<li>Disfunci\u00f3n erectil<\/li>\n<li>Falta de deseo<\/li>\n<li>Vaginismo (imposibilidad de penetraci\u00f3n)<\/li>\n<li>Dispareunia (dolor en la penetraci\u00f3n)<\/li>\n<li>Otras consultas de \u00edndole sexual: tama\u00f1o del pene, adicci\u00f3n al sexo, fobias sexuales, crisis de identidad sexual, etc.<\/li>\n<\/ul>\n<p>[\/et_pb_text][\/et_pb_column_inner][\/et_pb_row_inner][et_pb_row_inner _builder_version=&#8221;4.21.0&#8243; _module_preset=&#8221;default&#8221; global_colors_info=&#8221;{}&#8221;][et_pb_column_inner saved_specialty_column_type=&#8221;1_2&#8243; _builder_version=&#8221;4.21.0&#8243; _module_preset=&#8221;default&#8221; global_colors_info=&#8221;{}&#8221;][et_pb_text _builder_version=&#8221;4.21.0&#8243; _module_preset=&#8221;default&#8221; text_font=&#8221;Playfair Display||||||||&#8221; text_font_size=&#8221;40px&#8221; text_line_height_tablet=&#8221;&#8221; text_line_height_phone=&#8221;1em&#8221; text_line_height_last_edited=&#8221;on|phone&#8221; locked=&#8221;off&#8221; global_colors_info=&#8221;{}&#8221;]<\/p>\n<p>Individual \/ Pareja<\/p>\n<p>[\/et_pb_text][et_pb_text _builder_version=&#8221;4.21.0&#8243; _module_preset=&#8221;default&#8221; text_font=&#8221;||||||||&#8221; locked=&#8221;off&#8221; global_colors_info=&#8221;{}&#8221;]<\/p>\n<ul>\n<li>Miedo al compromiso<\/li>\n<li>Dificultad para vincularse<\/li>\n<li>Duelos<\/li>\n<li>Angustia<\/li>\n<li>Infidelidad<\/li>\n<li>Dificultades en la comunicaci\u00f3n<\/li>\n<li>Cambios por la llegada de un hijo<\/li>\n<li>Problemas de convivencia y conflictos cotidianos<\/li>\n<li>Separaciones<\/li>\n<li>Dificultad para concebir un hijo<\/li>\n<li>Violencia emocional<\/li>\n<li>Autoestima baja<\/li>\n<\/ul>\n<p>[\/et_pb_text][\/et_pb_column_inner][\/et_pb_row_inner][\/et_pb_column][\/et_pb_section][et_pb_section fb_built=&#8221;1&#8243; _builder_version=&#8221;4.21.0&#8243; _module_preset=&#8221;default&#8221; global_colors_info=&#8221;{}&#8221;][et_pb_row _builder_version=&#8221;4.21.0&#8243; _module_preset=&#8221;default&#8221; background_color=&#8221;#f2f2f2&#8243; custom_margin=&#8221;50px||||false|false&#8221; custom_padding=&#8221;50px||50px||true|true&#8221; border_radii=&#8221;on|50px|50px|50px|50px&#8221; global_colors_info=&#8221;{}&#8221; locked=&#8221;off&#8221;][et_pb_column type=&#8221;4_4&#8243; _builder_version=&#8221;4.21.0&#8243; _module_preset=&#8221;default&#8221; global_colors_info=&#8221;{}&#8221;][et_pb_text _builder_version=&#8221;4.21.0&#8243; _module_preset=&#8221;default&#8221; text_font=&#8221;Playfair Display||||||||&#8221; text_font_size=&#8221;49px&#8221; header_font=&#8221;Playfair Display||||||||&#8221; header_font_size=&#8221;79px&#8221; hover_enabled=&#8221;0&#8243; header_font_size_tablet=&#8221;79px&#8221; header_font_size_phone=&#8221;55px&#8221; header_font_size_last_edited=&#8221;on|phone&#8221; global_colors_info=&#8221;{}&#8221; sticky_enabled=&#8221;0&#8243;]<\/p>\n<h1 style=\"text-align: center;\">Hacemos<br \/><span style=\"color: #ff8402;\">terapia online<\/span><\/h1>\n<p>[\/et_pb_text][et_pb_text _builder_version=&#8221;4.21.0&#8243; _module_preset=&#8221;default&#8221; text_font_size=&#8221;19px&#8221; text_letter_spacing=&#8221;1px&#8221; text_line_height=&#8221;1.8em&#8221; global_colors_info=&#8221;{}&#8221;]<\/p>\n<p style=\"text-align: center;\">Pod\u00e9s consultarnos desde cualquier lugar del mundo.<br \/>Solo ten\u00e9s que pedir un turno.<\/p>\n<p>[\/et_pb_text][et_pb_button button_url=&#8221;#contacto&#8221; button_text=&#8221;Reserva tu cita hoy&#8221; _builder_version=&#8221;4.21.0&#8243; _module_preset=&#8221;default&#8221; custom_button=&#8221;on&#8221; button_text_color=&#8221;#FFFFFF&#8221; button_use_icon=&#8221;off&#8221; custom_padding=&#8221;10px|30px|10px|30px|true|true&#8221; custom_css_main_element=&#8221;background: #FF8402;||border: none;||color: white;||border-radius: 30px;||display: flex !important;||width: fit-content;||margin: auto;&#8221; locked=&#8221;off&#8221; global_colors_info=&#8221;{}&#8221; custom_css_main_element__hover_enabled=&#8221;on|desktop&#8221; custom_css_main_element__hover=&#8221;color: black;&#8221; button_bg_color__hover_enabled=&#8221;on|desktop&#8221; button_bg_color__hover=&#8221;#000000&#8243; button_bg_enable_color__hover=&#8221;on&#8221; button_text_color__hover_enabled=&#8221;on|hover&#8221; button_text_color__hover=&#8221;#FFFFFF&#8221;][\/et_pb_button][\/et_pb_column][\/et_pb_row][et_pb_row _builder_version=&#8221;4.21.0&#8243; _module_preset=&#8221;default&#8221; custom_margin=&#8221;50px||50px||false|false&#8221; locked=&#8221;off&#8221; global_colors_info=&#8221;{}&#8221;][et_pb_column type=&#8221;4_4&#8243; _builder_version=&#8221;4.21.0&#8243; _module_preset=&#8221;default&#8221; global_colors_info=&#8221;{}&#8221;][et_pb_text _builder_version=&#8221;4.21.0&#8243; _module_preset=&#8221;default&#8221; text_font=&#8221;Playfair Display||||||||&#8221; text_font_size=&#8221;50px&#8221; text_line_height=&#8221;1.3em&#8221; global_colors_info=&#8221;{}&#8221;]<\/p>\n<p style=\"text-align: center;\"><span style=\"font-family: 'Poppins';\">Creemos en<\/span> <span style=\"font-size: 70px;\">Casyp<\/span> <span style=\"font-family: 'Poppins';\">porque sabemos que la palabra y el <strong>v\u00ednculo terap\u00e9utico<\/strong> son los caminos para la cura.<\/span><\/p>\n<p>[\/et_pb_text][et_pb_text _builder_version=&#8221;4.21.0&#8243; _module_preset=&#8221;default&#8221; global_colors_info=&#8221;{}&#8221;]<\/p>\n<p style=\"text-align: center;\">Con nuestro equipo de profesionales lograr\u00e1s equilibrio, bienestar, contenci\u00f3n y vas a identificar tus debilidades para que dejen de ser dificultades que repetir\u00e1s a lo largo de la vida.<\/p>\n<p>[\/et_pb_text][et_pb_button button_url=&#8221;#contacto&#8221; button_text=&#8221;Asegura tu cita hoy&#8221; _builder_version=&#8221;4.21.0&#8243; _module_preset=&#8221;default&#8221; custom_button=&#8221;on&#8221; button_text_color=&#8221;#FFFFFF&#8221; button_use_icon=&#8221;off&#8221; custom_padding=&#8221;10px|30px|10px|30px|true|true&#8221; custom_css_main_element=&#8221;background: #FF8402;||border: none;||color: white;||border-radius: 30px;||display: flex !important;||width: fit-content;||margin: auto;&#8221; locked=&#8221;off&#8221; global_colors_info=&#8221;{}&#8221; custom_css_main_element__hover_enabled=&#8221;on|desktop&#8221; custom_css_main_element__hover=&#8221;color: black;&#8221; button_bg_color__hover_enabled=&#8221;on|desktop&#8221; button_bg_color__hover=&#8221;#000000&#8243; button_bg_enable_color__hover=&#8221;on&#8221; button_text_color__hover_enabled=&#8221;on|desktop&#8221; button_text_color__hover=&#8221;#FFFFFF&#8221;][\/et_pb_button][\/et_pb_column][\/et_pb_row][\/et_pb_section]<\/p>\n","protected":false},"excerpt":{"rendered":"<p>\u00bfPor qu\u00e9 CASYP?La terapla virtual est\u00e1 dirigida a toda persona que quiera tener un espacio de reflexi\u00f3n, seguro y de contenci\u00f3n, para repensar sus v\u00ednculos y su sexualidad. Tambi\u00e9n, la terapia se puede hacer en pareja. La realidad es que son muy pocas las veces que estamos realmente solos, la mayor\u00eda de la vida estamos [&hellip;]<\/p>\n","protected":false},"author":1,"featured_media":0,"parent":0,"menu_order":0,"comment_status":"closed","ping_status":"closed","template":"","meta":{"_et_pb_use_builder":"on","_et_pb_old_content":"","_et_gb_content_width":"","footnotes":""},"_links":{"self":[{"href":"https:\/\/casyp.com.ar\/index.php\/wp-json\/wp\/v2\/pages\/111"}],"collection":[{"href":"https:\/\/casyp.com.ar\/index.php\/wp-json\/wp\/v2\/pages"}],"about":[{"href":"https:\/\/casyp.com.ar\/index.php\/wp-json\/wp\/v2\/types\/page"}],"author":[{"embeddable":true,"href":"https:\/\/casyp.com.ar\/index.php\/wp-json\/wp\/v2\/users\/1"}],"replies":[{"embeddable":true,"href":"https:\/\/casyp.com.ar\/index.php\/wp-json\/wp\/v2\/comments?post=111"}],"version-history":[{"count":20,"href":"https:\/\/casyp.com.ar\/index.php\/wp-json\/wp\/v2\/pages\/111\/revisions"}],"predecessor-version":[{"id":458,"href":"https:\/\/casyp.com.ar\/index.php\/wp-json\/wp\/v2\/pages\/111\/revisions\/458"}],"wp:attachment":[{"href":"https:\/\/casyp.com.ar\/index.php\/wp-json\/wp\/v2\/media?parent=111"}],"curies":[{"name":"wp","href":"https:\/\/api.w.org\/{rel}","templated":true}]}}