{"id":270,"date":"2024-04-29T12:51:30","date_gmt":"2024-04-29T15:51:30","guid":{"rendered":"https:\/\/casyp.com.ar\/?page_id=270"},"modified":"2024-05-08T20:18:43","modified_gmt":"2024-05-08T23:18:43","slug":"270-2","status":"publish","type":"page","link":"https:\/\/casyp.com.ar\/index.php\/270-2\/","title":{"rendered":"Servicios"},"content":{"rendered":"<p>[et_pb_section fb_built=&#8221;1&#8243; _builder_version=&#8221;4.21.0&#8243; _module_preset=&#8221;default&#8221; background_color=&#8221;#f2f2f2&#8243; background_enable_image=&#8221;off&#8221; global_colors_info=&#8221;{}&#8221;][et_pb_row _builder_version=&#8221;4.21.0&#8243; _module_preset=&#8221;default&#8221; global_colors_info=&#8221;{}&#8221;][et_pb_column type=&#8221;4_4&#8243; _builder_version=&#8221;4.21.0&#8243; _module_preset=&#8221;default&#8221; global_colors_info=&#8221;{}&#8221;][et_pb_text _builder_version=&#8221;4.21.0&#8243; _module_preset=&#8221;default&#8221; text_font=&#8221;Playfair Display||||||||&#8221; header_font=&#8221;Playfair Display||||||||&#8221; header_text_align=&#8221;center&#8221; header_text_color=&#8221;#FFFFFF&#8221; header_font_size=&#8221;80px&#8221; hover_enabled=&#8221;0&#8243; global_colors_info=&#8221;{}&#8221; header_font_size_last_edited=&#8221;on|phone&#8221; header_font_size_phone=&#8221;65px&#8221; sticky_enabled=&#8221;0&#8243; header_font_size_tablet=&#8221;80px&#8221;]<\/p>\n<h1><strong><span style=\"color: #000000;\">Nuestros<\/span><\/strong><\/h1>\n<h1><strong><span style=\"color: #000000;\">servicios<\/span><\/strong><\/h1>\n<p>[\/et_pb_text][\/et_pb_column][\/et_pb_row][\/et_pb_section][et_pb_section fb_built=&#8221;1&#8243; _builder_version=&#8221;4.21.0&#8243; _module_preset=&#8221;default&#8221; background_color=&#8221;#ff8402&#8243; global_colors_info=&#8221;{}&#8221;][et_pb_row column_structure=&#8221;1_2,1_2&#8243; _builder_version=&#8221;4.21.0&#8243; _module_preset=&#8221;default&#8221; custom_margin=&#8221;100px||||false|false&#8221; global_colors_info=&#8221;{}&#8221;][et_pb_column type=&#8221;1_2&#8243; _builder_version=&#8221;4.21.0&#8243; _module_preset=&#8221;default&#8221; global_colors_info=&#8221;{}&#8221;][et_pb_image src=&#8221;https:\/\/casyp.com.ar\/wp-content\/uploads\/2024\/04\/modulo_nuestro_servicio_img_01.svg&#8221; title_text=&#8221;modulo_nuestro_servicio_img_01&#8243; _builder_version=&#8221;4.21.0&#8243; _module_preset=&#8221;default&#8221; global_colors_info=&#8221;{}&#8221;][\/et_pb_image][\/et_pb_column][et_pb_column type=&#8221;1_2&#8243; _builder_version=&#8221;4.21.0&#8243; _module_preset=&#8221;default&#8221; global_colors_info=&#8221;{}&#8221;][et_pb_text _builder_version=&#8221;4.21.0&#8243; _module_preset=&#8221;default&#8221; text_font=&#8221;Playfair Display||||||||&#8221; text_font_size=&#8221;50px&#8221; text_line_height=&#8221;1.4em&#8221; header_2_font=&#8221;Playfair Display||||||||&#8221; header_2_font_size=&#8221;65px&#8221; global_colors_info=&#8221;{}&#8221;]<\/p>\n<h2><span style=\"color: #ffffff;\">Terapia sexual individual<\/span><\/h2>\n<p>[\/et_pb_text][et_pb_text _builder_version=&#8221;4.21.0&#8243; _module_preset=&#8221;default&#8221; custom_margin=&#8221;40px||40px||true|false&#8221; global_colors_info=&#8221;{}&#8221;]<\/p>\n<p><span style=\"color: #ffffff;\">Muchas personas viven su sexualidad como una fuente de placer, mientras que para otras es generadora de conflictos, llamadas disfunciones sexuales. Las disfunciones sexuales son aquellas dificultades que se producen en cualquier fase de la respuesta sexual. Las m\u00e1s frecuentes son: disfunci\u00f3n er\u00e9ctil, falta de deseo; eyaculaci\u00f3n precoz, anorgasmia y dispareunia.<\/span><\/p>\n<p>[\/et_pb_text][et_pb_button button_url=&#8221;#contacto&#8221; button_text=&#8221;Agenda tu cita ahora&#8221; _builder_version=&#8221;4.21.0&#8243; _module_preset=&#8221;default&#8221; custom_padding=&#8221;10px|30px|10px|30px|true|true&#8221; custom_css_main_element=&#8221;background: white;||border: none;||border-radius: 30px;&#8221; global_colors_info=&#8221;{}&#8221;][\/et_pb_button][\/et_pb_column][\/et_pb_row][et_pb_row column_structure=&#8221;1_2,1_2&#8243; _builder_version=&#8221;4.21.0&#8243; _module_preset=&#8221;default&#8221; custom_margin=&#8221;50px||||false|false&#8221; global_colors_info=&#8221;{}&#8221;][et_pb_column type=&#8221;1_2&#8243; _builder_version=&#8221;4.21.0&#8243; _module_preset=&#8221;default&#8221; global_colors_info=&#8221;{}&#8221;][et_pb_text _builder_version=&#8221;4.21.0&#8243; _module_preset=&#8221;default&#8221; text_font=&#8221;Playfair Display||||||||&#8221; text_font_size=&#8221;50px&#8221; header_font=&#8221;Playfair Display||||||||&#8221; header_2_font=&#8221;Playfair Display||||||||&#8221; header_2_font_size=&#8221;65px&#8221; global_colors_info=&#8221;{}&#8221;]<\/p>\n<h2><span style=\"color: #ffffff;\">Terapia sexual en pareja<\/span><\/h2>\n<p>[\/et_pb_text][et_pb_text _builder_version=&#8221;4.21.0&#8243; _module_preset=&#8221;default&#8221; custom_margin=&#8221;||||true|false&#8221; global_colors_info=&#8221;{}&#8221;]<\/p>\n<p><span style=\"color: #ffffff;\">A veces los v\u00ednculos de pareja transitan momentos de desencuentros o se retroalimentan con manifestaciones, acciones y conductas que generan malestar, obstaculizando el desarrollo y construcci\u00f3n de la relaci\u00f3n.<\/span><\/p>\n<p><span style=\"color: #ffffff;\">Esta terapia se focaliza en las problem\u00e1ticas sexuales.<\/span><\/p>\n<p>[\/et_pb_text][et_pb_button button_url=&#8221;#contacto&#8221; button_text=&#8221;Programa tu cita ahora&#8221; _builder_version=&#8221;4.21.0&#8243; _module_preset=&#8221;default&#8221; background_layout=&#8221;dark&#8221; custom_padding=&#8221;10px|30px|10px|30px|true|true&#8221; custom_css_main_element=&#8221;background: white;||border: none;||border-radius: 30px;||color: black !important;&#8221; global_colors_info=&#8221;{}&#8221;][\/et_pb_button][\/et_pb_column][et_pb_column type=&#8221;1_2&#8243; _builder_version=&#8221;4.21.0&#8243; _module_preset=&#8221;default&#8221; global_colors_info=&#8221;{}&#8221;][et_pb_image src=&#8221;https:\/\/casyp.com.ar\/wp-content\/uploads\/2024\/04\/modulo_nuestro_servicio_img_02.svg&#8221; title_text=&#8221;modulo_nuestro_servicio_img_02&#8243; _builder_version=&#8221;4.21.0&#8243; _module_preset=&#8221;default&#8221; global_colors_info=&#8221;{}&#8221;][\/et_pb_image][\/et_pb_column][\/et_pb_row][et_pb_row column_structure=&#8221;1_2,1_2&#8243; _builder_version=&#8221;4.21.0&#8243; _module_preset=&#8221;default&#8221; global_colors_info=&#8221;{}&#8221;][et_pb_column type=&#8221;1_2&#8243; _builder_version=&#8221;4.21.0&#8243; _module_preset=&#8221;default&#8221; global_colors_info=&#8221;{}&#8221;][et_pb_image src=&#8221;https:\/\/casyp.com.ar\/wp-content\/uploads\/2024\/04\/modulo_nuestro_servicio_img_02.svg&#8221; title_text=&#8221;modulo_nuestro_servicio_img_02&#8243; _builder_version=&#8221;4.21.0&#8243; _module_preset=&#8221;default&#8221; global_colors_info=&#8221;{}&#8221;][\/et_pb_image][\/et_pb_column][et_pb_column type=&#8221;1_2&#8243; _builder_version=&#8221;4.21.0&#8243; _module_preset=&#8221;default&#8221; global_colors_info=&#8221;{}&#8221;][et_pb_text _builder_version=&#8221;4.21.0&#8243; _module_preset=&#8221;default&#8221; text_font=&#8221;Playfair Display||||||||&#8221; text_font_size=&#8221;50px&#8221; header_font=&#8221;Playfair Display||||||||&#8221; header_2_font=&#8221;Playfair Display||||||||&#8221; header_2_font_size=&#8221;65px&#8221; locked=&#8221;off&#8221; global_colors_info=&#8221;{}&#8221;]<\/p>\n<h2><span style=\"color: #ffffff;\">Terapia de pareja<\/span><\/h2>\n<p>[\/et_pb_text][et_pb_text _builder_version=&#8221;4.21.0&#8243; _module_preset=&#8221;default&#8221; custom_margin=&#8221;||||true|false&#8221; locked=&#8221;off&#8221; global_colors_info=&#8221;{}&#8221;]<\/p>\n<p><span style=\"color: #ffffff;\">La terapia de pareja ofrece un espacio de reflexi\u00f3n para desentramar y desatar los nudos entretejidos por ambos integrantes. Cuestionar, desarmar lo que funcionaba hasta ayer, y hoy en d\u00eda genera malestar. Colaborar para vincularse, para poder ser par, adem\u00e1s de ser uno y el otro. Aceptar la diferencia.<\/span><\/p>\n<p><span style=\"color: #ffffff;\">El objetivo de este espacio es que las relaciones de pareja fluyan y tomen el mejor camino para ambos.<\/span><\/p>\n<p>[\/et_pb_text][\/et_pb_column][\/et_pb_row][\/et_pb_section][et_pb_section fb_built=&#8221;1&#8243; _builder_version=&#8221;4.21.0&#8243; _module_preset=&#8221;default&#8221; global_colors_info=&#8221;{}&#8221;][et_pb_row _builder_version=&#8221;4.21.0&#8243; _module_preset=&#8221;default&#8221; global_colors_info=&#8221;{}&#8221;][et_pb_column type=&#8221;4_4&#8243; _builder_version=&#8221;4.21.0&#8243; _module_preset=&#8221;default&#8221; global_colors_info=&#8221;{}&#8221;][et_pb_text _builder_version=&#8221;4.21.0&#8243; _module_preset=&#8221;default&#8221; text_font=&#8221;Playfair Display||||||||&#8221; text_font_size=&#8221;50px&#8221; text_line_height=&#8221;1.3em&#8221; global_colors_info=&#8221;{}&#8221;]<\/p>\n<p style=\"text-align: center;\"><span style=\"font-family: 'Poppins';\">Creemos en<\/span> <span style=\"font-size: 70px;\">Casyp<\/span> <span style=\"font-family: 'Poppins';\">porque sabemos que la palabra y el <strong>v\u00ednculo terap\u00e9utico<\/strong> son los caminos para la cura.<\/span><\/p>\n<p>[\/et_pb_text][et_pb_text _builder_version=&#8221;4.21.0&#8243; _module_preset=&#8221;default&#8221; global_colors_info=&#8221;{}&#8221;]<\/p>\n<p style=\"text-align: center;\">Con nuestro equipo de profesionales lograr\u00e1s equilibrio, bienestar, contenci\u00f3n y vas a identificar tus debilidades para que dejen de ser dificultades que repetir\u00e1s a lo largo de la vida.<\/p>\n<p>[\/et_pb_text][et_pb_button button_url=&#8221;#contacto&#8221; button_text=&#8221;Asegura tu cita hoy&#8221; _builder_version=&#8221;4.21.0&#8243; _module_preset=&#8221;default&#8221; custom_button=&#8221;on&#8221; button_text_color=&#8221;#FFFFFF&#8221; button_use_icon=&#8221;off&#8221; custom_padding=&#8221;10px|30px|10px|30px|true|true&#8221; custom_css_main_element=&#8221;background: #FF8402;||border: none;||color: white;||border-radius: 30px;||display: flex !important;||width: fit-content;||margin: auto;&#8221; global_colors_info=&#8221;{}&#8221; custom_css_main_element__hover_enabled=&#8221;on|desktop&#8221; custom_css_main_element__hover=&#8221;color: black;&#8221; button_bg_color__hover_enabled=&#8221;on|desktop&#8221; button_bg_color__hover=&#8221;#000000&#8243; button_bg_enable_color__hover=&#8221;on&#8221; button_text_color__hover_enabled=&#8221;on|desktop&#8221; button_text_color__hover=&#8221;#FFFFFF&#8221;][\/et_pb_button][\/et_pb_column][\/et_pb_row][\/et_pb_section][et_pb_section fb_built=&#8221;1&#8243; _builder_version=&#8221;4.21.0&#8243; _module_preset=&#8221;default&#8221; global_colors_info=&#8221;{}&#8221;][et_pb_row _builder_version=&#8221;4.21.0&#8243; _module_preset=&#8221;default&#8221; background_color=&#8221;#f2f2f2&#8243; custom_margin=&#8221;50px||||false|false&#8221; custom_padding=&#8221;100px||100px||true|true&#8221; border_radii=&#8221;on|50px|50px|50px|50px&#8221; global_colors_info=&#8221;{}&#8221;][et_pb_column type=&#8221;4_4&#8243; _builder_version=&#8221;4.21.0&#8243; _module_preset=&#8221;default&#8221; global_colors_info=&#8221;{}&#8221;][et_pb_text _builder_version=&#8221;4.21.0&#8243; _module_preset=&#8221;default&#8221; text_font=&#8221;Playfair Display||||||||&#8221; text_font_size=&#8221;49px&#8221; header_font=&#8221;Playfair Display||||||||&#8221; header_font_size=&#8221;79px&#8221; hover_enabled=&#8221;0&#8243; global_colors_info=&#8221;{}&#8221; header_font_size_last_edited=&#8221;on|phone&#8221; header_font_size_phone=&#8221;50px&#8221; sticky_enabled=&#8221;0&#8243; header_font_size_tablet=&#8221;79px&#8221;]<\/p>\n<h1 style=\"text-align: center;\"><span style=\"color: #000000;\">Reserva una cita para<\/span><br \/><span style=\"color: #000000;\">contarnos tu problema<\/span><\/h1>\n<p>[\/et_pb_text][et_pb_button button_url=&#8221;#contacto&#8221; button_text=&#8221;Reserva tu cita hoy&#8221; _builder_version=&#8221;4.21.0&#8243; _module_preset=&#8221;default&#8221; custom_button=&#8221;on&#8221; button_text_color=&#8221;#FFFFFF&#8221; button_use_icon=&#8221;off&#8221; custom_padding=&#8221;10px|30px|10px|30px|true|true&#8221; custom_css_main_element=&#8221;background: #FF8402;||border: none;||color: white;||border-radius: 30px;||display: flex !important;||width: fit-content;||margin: auto;&#8221; locked=&#8221;off&#8221; global_colors_info=&#8221;{}&#8221; custom_css_main_element__hover_enabled=&#8221;on|desktop&#8221; custom_css_main_element__hover=&#8221;color: black;&#8221; button_bg_color__hover_enabled=&#8221;on|desktop&#8221; button_bg_color__hover=&#8221;#000000&#8243; button_bg_enable_color__hover=&#8221;on&#8221; button_text_color__hover_enabled=&#8221;on|desktop&#8221; button_text_color__hover=&#8221;#FFFFFF&#8221;][\/et_pb_button][\/et_pb_column][\/et_pb_row][\/et_pb_section]<\/p>\n","protected":false},"excerpt":{"rendered":"<p>Nuestros serviciosTerapia sexual individualMuchas personas viven su sexualidad como una fuente de placer, mientras que para otras es generadora de conflictos, llamadas disfunciones sexuales. Las disfunciones sexuales son aquellas dificultades que se producen en cualquier fase de la respuesta sexual. Las m\u00e1s frecuentes son: disfunci\u00f3n er\u00e9ctil, falta de deseo; eyaculaci\u00f3n precoz, anorgasmia y dispareunia.Terapia sexual [&hellip;]<\/p>\n","protected":false},"author":1,"featured_media":0,"parent":0,"menu_order":0,"comment_status":"closed","ping_status":"closed","template":"","meta":{"_et_pb_use_builder":"on","_et_pb_old_content":"","_et_gb_content_width":"","footnotes":""},"_links":{"self":[{"href":"https:\/\/casyp.com.ar\/index.php\/wp-json\/wp\/v2\/pages\/270"}],"collection":[{"href":"https:\/\/casyp.com.ar\/index.php\/wp-json\/wp\/v2\/pages"}],"about":[{"href":"https:\/\/casyp.com.ar\/index.php\/wp-json\/wp\/v2\/types\/page"}],"author":[{"embeddable":true,"href":"https:\/\/casyp.com.ar\/index.php\/wp-json\/wp\/v2\/users\/1"}],"replies":[{"embeddable":true,"href":"https:\/\/casyp.com.ar\/index.php\/wp-json\/wp\/v2\/comments?post=270"}],"version-history":[{"count":15,"href":"https:\/\/casyp.com.ar\/index.php\/wp-json\/wp\/v2\/pages\/270\/revisions"}],"predecessor-version":[{"id":455,"href":"https:\/\/casyp.com.ar\/index.php\/wp-json\/wp\/v2\/pages\/270\/revisions\/455"}],"wp:attachment":[{"href":"https:\/\/casyp.com.ar\/index.php\/wp-json\/wp\/v2\/media?parent=270"}],"curies":[{"name":"wp","href":"https:\/\/api.w.org\/{rel}","templated":true}]}}