{"id":303,"date":"2024-05-02T14:49:36","date_gmt":"2024-05-02T17:49:36","guid":{"rendered":"https:\/\/casyp.com.ar\/?page_id=303"},"modified":"2024-05-08T20:20:53","modified_gmt":"2024-05-08T23:20:53","slug":"terapia-de-pareja","status":"publish","type":"page","link":"https:\/\/casyp.com.ar\/index.php\/terapia-de-pareja\/","title":{"rendered":"Terapia de pareja"},"content":{"rendered":"<p>[et_pb_section fb_built=&#8221;1&#8243; _builder_version=&#8221;4.21.0&#8243; _module_preset=&#8221;default&#8221; background_color=&#8221;#ff8402&#8243; background_enable_image=&#8221;off&#8221; global_colors_info=&#8221;{}&#8221;][et_pb_row _builder_version=&#8221;4.21.0&#8243; _module_preset=&#8221;default&#8221; global_colors_info=&#8221;{}&#8221;][et_pb_column type=&#8221;4_4&#8243; _builder_version=&#8221;4.21.0&#8243; _module_preset=&#8221;default&#8221; global_colors_info=&#8221;{}&#8221;][et_pb_text _builder_version=&#8221;4.21.0&#8243; _module_preset=&#8221;default&#8221; header_font=&#8221;Playfair Display||||||||&#8221; header_text_color=&#8221;#FFFFFF&#8221; header_font_size=&#8221;70px&#8221; global_colors_info=&#8221;{}&#8221;]<\/p>\n<h1 style=\"text-align: center;\"><strong>Terapia de pareja<\/strong><\/h1>\n<p>[\/et_pb_text][\/et_pb_column][\/et_pb_row][\/et_pb_section][et_pb_section fb_built=&#8221;1&#8243; _builder_version=&#8221;4.21.0&#8243; _module_preset=&#8221;default&#8221; global_colors_info=&#8221;{}&#8221;][et_pb_row column_structure=&#8221;1_2,1_2&#8243; _builder_version=&#8221;4.21.0&#8243; _module_preset=&#8221;default&#8221; global_colors_info=&#8221;{}&#8221;][et_pb_column type=&#8221;1_2&#8243; _builder_version=&#8221;4.21.0&#8243; _module_preset=&#8221;default&#8221; global_colors_info=&#8221;{}&#8221;][et_pb_image src=&#8221;https:\/\/casyp.com.ar\/wp-content\/uploads\/2024\/04\/porque_casyp_modulo_01.svg&#8221; title_text=&#8221;porque_casyp_modulo_01&#8243; _builder_version=&#8221;4.21.0&#8243; _module_preset=&#8221;default&#8221; global_colors_info=&#8221;{}&#8221;][\/et_pb_image][\/et_pb_column][et_pb_column type=&#8221;1_2&#8243; _builder_version=&#8221;4.21.0&#8243; _module_preset=&#8221;default&#8221; global_colors_info=&#8221;{}&#8221;][et_pb_text _builder_version=&#8221;4.21.0&#8243; _module_preset=&#8221;default&#8221; global_colors_info=&#8221;{}&#8221;]<\/p>\n<p>La pareja constituye un encuentro, una uni\u00f3n, una interacci\u00f3n entre dos personas que se construye en el tiempo. Requiere de un conocimiento y reflexi\u00f3n constante. A veces los v\u00ednculos de pareja transitan momentos de desencuentros o se retroalimentan rec\u00edprocamente con manifestaciones, acciones y conductas que generan malestar, obstaculizando el desarrollo y construcci\u00f3n de la relaci\u00f3n.<\/p>\n<p>Generalmente cuando una pareja decide comenzar una terapia es porque se encuentra atravesando una crisis. En este espacio denominamos crisis a la desarticulaci\u00f3n en las formas habituales de interacci\u00f3n que funcionaban en la relaci\u00f3n. La palabra crisis en lat\u00edn significa decidir. Por lo tanto, entendemos a las crisis como nuevas oportunidades para afrontar los cambios que se presentan en la vida.<\/p>\n<p>La terapia de pareja ofrece un espacio de reflexi\u00f3n para desentramar y desatar los nudos entretejidos por ambos integrantes. Cuestionar, desarmar lo que funcionaba hasta ayer, y hoy en d\u00eda genera malestar. Colaborar para vincularse, para poder ser par, adem\u00e1s de ser uno y el otro. Aceptar la diferencia.<\/p>\n<p>Trabajamos con las complicaciones que se reflejan en el d\u00eda a d\u00eda, con la comunicaci\u00f3n en la pareja. \u00bfQu\u00e9 decimos cuando hablamos o cuando callamos? Entender la implicancia que tiene lo que uno hace en el otro y al mismo tiempo lo que el otro hace en uno. Darle un nuevo sentido a\u00a0lo\u00a0que\u00a0hacemos.<\/p>\n<p>[\/et_pb_text][\/et_pb_column][\/et_pb_row][et_pb_row _builder_version=&#8221;4.21.0&#8243; _module_preset=&#8221;default&#8221; global_colors_info=&#8221;{}&#8221;][et_pb_column type=&#8221;4_4&#8243; _builder_version=&#8221;4.21.0&#8243; _module_preset=&#8221;default&#8221; global_colors_info=&#8221;{}&#8221;][et_pb_text _builder_version=&#8221;4.21.0&#8243; _module_preset=&#8221;default&#8221; header_font_size=&#8221;45px&#8221; hover_enabled=&#8221;0&#8243; global_colors_info=&#8221;{}&#8221; header_font_size_last_edited=&#8221;on|phone&#8221; header_font_size_phone=&#8221;23px&#8221; sticky_enabled=&#8221;0&#8243; header_font_size_tablet=&#8221;45px&#8221;]<\/p>\n<h1 style=\"text-align: center;\"><strong>EL OBJETIVO DE ESTE ESPACIO ES QUE LAS RELACIONES DE PAREJA FLUYAN Y TOMEN EL MEJOR CAMINO PARA AMBOS<\/strong><\/h1>\n<p>[\/et_pb_text][\/et_pb_column][\/et_pb_row][et_pb_row _builder_version=&#8221;4.21.0&#8243; _module_preset=&#8221;default&#8221; background_color=&#8221;#f2f2f2&#8243; custom_margin=&#8221;50px||||false|false&#8221; custom_padding=&#8221;50px||50px||true|true&#8221; border_radii=&#8221;on|50px|50px|50px|50px&#8221; locked=&#8221;off&#8221; global_colors_info=&#8221;{}&#8221;][et_pb_column type=&#8221;4_4&#8243; _builder_version=&#8221;4.21.0&#8243; _module_preset=&#8221;default&#8221; global_colors_info=&#8221;{}&#8221;][et_pb_text _builder_version=&#8221;4.21.0&#8243; _module_preset=&#8221;default&#8221; text_font=&#8221;Playfair Display||||||||&#8221; text_font_size=&#8221;49px&#8221; header_font=&#8221;Playfair Display||||||||&#8221; header_font_size=&#8221;79px&#8221; hover_enabled=&#8221;0&#8243; global_colors_info=&#8221;{}&#8221; header_font_size_last_edited=&#8221;on|phone&#8221; header_font_size_phone=&#8221;50px&#8221; sticky_enabled=&#8221;0&#8243; header_font_size_tablet=&#8221;79px&#8221;]<\/p>\n<h1 style=\"text-align: center;\">Reserva una cita para contarnos tu problema<\/h1>\n<p>[\/et_pb_text][et_pb_button button_url=&#8221;#contacto&#8221; button_text=&#8221;Reserva tu cita hoy&#8221; _builder_version=&#8221;4.21.0&#8243; _module_preset=&#8221;default&#8221; custom_button=&#8221;on&#8221; button_text_color=&#8221;#FFFFFF&#8221; button_use_icon=&#8221;off&#8221; custom_padding=&#8221;10px|30px|10px|30px|true|true&#8221; custom_css_main_element=&#8221;background: #FF8402;||border: none;||color: white;||border-radius: 30px;||display: flex !important;||width: fit-content;||margin: auto;&#8221; locked=&#8221;off&#8221; global_colors_info=&#8221;{}&#8221; custom_css_main_element__hover_enabled=&#8221;on|desktop&#8221; custom_css_main_element__hover=&#8221;color: black;&#8221; button_bg_color__hover_enabled=&#8221;on|desktop&#8221; button_bg_color__hover=&#8221;#000000&#8243; button_bg_enable_color__hover=&#8221;on&#8221; button_text_color__hover_enabled=&#8221;on|hover&#8221; button_text_color__hover=&#8221;#FFFFFF&#8221;][\/et_pb_button][\/et_pb_column][\/et_pb_row][\/et_pb_section][et_pb_section fb_built=&#8221;1&#8243; _builder_version=&#8221;4.21.0&#8243; _module_preset=&#8221;default&#8221; locked=&#8221;off&#8221; global_colors_info=&#8221;{}&#8221;][et_pb_row _builder_version=&#8221;4.21.0&#8243; _module_preset=&#8221;default&#8221; global_colors_info=&#8221;{}&#8221;][et_pb_column type=&#8221;4_4&#8243; _builder_version=&#8221;4.21.0&#8243; _module_preset=&#8221;default&#8221; global_colors_info=&#8221;{}&#8221;][et_pb_text _builder_version=&#8221;4.21.0&#8243; _module_preset=&#8221;default&#8221; text_font=&#8221;Playfair Display||||||||&#8221; text_font_size=&#8221;50px&#8221; text_line_height=&#8221;1.3em&#8221; global_colors_info=&#8221;{}&#8221;]<\/p>\n<p style=\"text-align: center;\"><span style=\"font-family: 'Poppins';\">Creemos en<\/span> <span style=\"font-size: 70px;\">Casyp<\/span> <span style=\"font-family: 'Poppins';\">porque sabemos que la palabra y el <strong>v\u00ednculo terap\u00e9utico<\/strong> son los caminos para la cura.<\/span><\/p>\n<p>[\/et_pb_text][et_pb_button button_url=&#8221;#contacto&#8221; button_text=&#8221;Asegura tu cita hoy&#8221; _builder_version=&#8221;4.21.0&#8243; _module_preset=&#8221;default&#8221; custom_button=&#8221;on&#8221; button_text_color=&#8221;#FFFFFF&#8221; button_use_icon=&#8221;off&#8221; custom_padding=&#8221;10px|30px|10px|30px|true|true&#8221; custom_css_main_element=&#8221;background: #FF8402;||border: none;||color: white;||border-radius: 30px;||display: flex !important;||width: fit-content;||margin: auto;&#8221; locked=&#8221;off&#8221; global_colors_info=&#8221;{}&#8221; custom_css_main_element__hover_enabled=&#8221;on|desktop&#8221; custom_css_main_element__hover=&#8221;color: black;&#8221; button_bg_color__hover_enabled=&#8221;on|desktop&#8221; button_bg_color__hover=&#8221;#000000&#8243; button_bg_enable_color__hover=&#8221;on&#8221; button_text_color__hover_enabled=&#8221;on|hover&#8221; button_text_color__hover=&#8221;#FFFFFF&#8221;][\/et_pb_button][\/et_pb_column][\/et_pb_row][\/et_pb_section]<\/p>\n","protected":false},"excerpt":{"rendered":"<p>Terapia de parejaLa pareja constituye un encuentro, una uni\u00f3n, una interacci\u00f3n entre dos personas que se construye en el tiempo. Requiere de un conocimiento y reflexi\u00f3n constante. A veces los v\u00ednculos de pareja transitan momentos de desencuentros o se retroalimentan rec\u00edprocamente con manifestaciones, acciones y conductas que generan malestar, obstaculizando el desarrollo y construcci\u00f3n de [&hellip;]<\/p>\n","protected":false},"author":1,"featured_media":0,"parent":0,"menu_order":0,"comment_status":"closed","ping_status":"closed","template":"","meta":{"_et_pb_use_builder":"on","_et_pb_old_content":"","_et_gb_content_width":"","footnotes":""},"_links":{"self":[{"href":"https:\/\/casyp.com.ar\/index.php\/wp-json\/wp\/v2\/pages\/303"}],"collection":[{"href":"https:\/\/casyp.com.ar\/index.php\/wp-json\/wp\/v2\/pages"}],"about":[{"href":"https:\/\/casyp.com.ar\/index.php\/wp-json\/wp\/v2\/types\/page"}],"author":[{"embeddable":true,"href":"https:\/\/casyp.com.ar\/index.php\/wp-json\/wp\/v2\/users\/1"}],"replies":[{"embeddable":true,"href":"https:\/\/casyp.com.ar\/index.php\/wp-json\/wp\/v2\/comments?post=303"}],"version-history":[{"count":9,"href":"https:\/\/casyp.com.ar\/index.php\/wp-json\/wp\/v2\/pages\/303\/revisions"}],"predecessor-version":[{"id":456,"href":"https:\/\/casyp.com.ar\/index.php\/wp-json\/wp\/v2\/pages\/303\/revisions\/456"}],"wp:attachment":[{"href":"https:\/\/casyp.com.ar\/index.php\/wp-json\/wp\/v2\/media?parent=303"}],"curies":[{"name":"wp","href":"https:\/\/api.w.org\/{rel}","templated":true}]}}